{"id":1293,"date":"2019-05-22T18:45:21","date_gmt":"2019-05-22T18:45:21","guid":{"rendered":"https:\/\/plapiqui.edu.ar\/ott\/es\/?page_id=1293"},"modified":"2022-05-31T14:05:57","modified_gmt":"2022-05-31T14:05:57","slug":"cursos","status":"publish","type":"page","link":"https:\/\/plapiqui.edu.ar\/ott\/es\/cursos\/","title":{"rendered":"Cursos"},"content":{"rendered":"<p>Pod\u00e9s descargar nuestro cat\u00e1logo de cursos de agenda o explorar los cursos a demanda y personalizados desde las enlaces a continuaci\u00f3n.<\/p>\n","protected":false},"excerpt":{"rendered":"<p>Pod\u00e9s descargar nuestro cat\u00e1logo de cursos de agenda o explorar los cursos a demanda y personalizados desde las enlaces a continuaci\u00f3n.<\/p>\n","protected":false},"author":2,"featured_media":0,"parent":0,"menu_order":0,"comment_status":"closed","ping_status":"closed","template":"template_cursos.php","meta":{"_acf_changed":false,"om_disable_all_campaigns":false,"_exactmetrics_skip_tracking":false,"_exactmetrics_sitenote_active":false,"_exactmetrics_sitenote_note":"","_exactmetrics_sitenote_category":0,"_monsterinsights_skip_tracking":false,"_monsterinsights_sitenote_active":false,"_monsterinsights_sitenote_note":"","_monsterinsights_sitenote_category":0,"_joinchat":[],"footnotes":""},"class_list":["post-1293","page","type-page","status-publish","hentry"],"acf":[],"aioseo_notices":[],"_links":{"self":[{"href":"https:\/\/plapiqui.edu.ar\/ott\/es\/wp-json\/wp\/v2\/pages\/1293","targetHints":{"allow":["GET"]}}],"collection":[{"href":"https:\/\/plapiqui.edu.ar\/ott\/es\/wp-json\/wp\/v2\/pages"}],"about":[{"href":"https:\/\/plapiqui.edu.ar\/ott\/es\/wp-json\/wp\/v2\/types\/page"}],"author":[{"embeddable":true,"href":"https:\/\/plapiqui.edu.ar\/ott\/es\/wp-json\/wp\/v2\/users\/2"}],"replies":[{"embeddable":true,"href":"https:\/\/plapiqui.edu.ar\/ott\/es\/wp-json\/wp\/v2\/comments?post=1293"}],"version-history":[{"count":5,"href":"https:\/\/plapiqui.edu.ar\/ott\/es\/wp-json\/wp\/v2\/pages\/1293\/revisions"}],"predecessor-version":[{"id":1305,"href":"https:\/\/plapiqui.edu.ar\/ott\/es\/wp-json\/wp\/v2\/pages\/1293\/revisions\/1305"}],"wp:attachment":[{"href":"https:\/\/plapiqui.edu.ar\/ott\/es\/wp-json\/wp\/v2\/media?parent=1293"}],"curies":[{"name":"wp","href":"https:\/\/api.w.org\/{rel}","templated":true}]}}